{"id":191,"date":"2024-12-07T13:42:47","date_gmt":"2024-12-07T12:42:47","guid":{"rendered":"https:\/\/imbiss-mekong.de\/?page_id=191"},"modified":"2024-12-07T13:42:47","modified_gmt":"2024-12-07T12:42:47","slug":"garnelen-fisch-gerichte","status":"publish","type":"page","link":"https:\/\/imbiss-mekong.de\/?page_id=191","title":{"rendered":"Garnelen- &amp; Fisch-Gerichte"},"content":{"rendered":"\n<h2 class=\"wp-block-heading\"><br><mark style=\"background-color:rgba(0, 0, 0, 0)\" class=\"has-inline-color has-vivid-red-color\">Garnelen- &amp; Fisch-Gerichte (mit Reis)<\/mark><\/h2>\n\n\n\n<p><mark style=\"background-color:rgba(0, 0, 0, 0)\" class=\"has-inline-color has-vivid-red-color\">Alle Hauptgerichte werden mit <strong>gekochtem Reis<\/strong> serviert. M\u00f6chten Sie <strong>gebratenen Reis oder Nudeln<\/strong>, berechnen wir <strong>1,50 \u20ac Aufpreis<\/strong>.<\/mark><\/p>\n\n\n\n<figure class=\"wp-block-table\"><table class=\"has-fixed-layout\"><thead><tr><th>Nr.<\/th><th>Gericht<\/th><th>Zutaten \/ Allergene<\/th><th>Preis (\u20ac)<\/th><th>Sch\u00e4rfe<\/th><\/tr><\/thead><tbody><tr><td>41<\/td><td>Paniertes Fischfilet mit Gem\u00fcse &amp; Ananas s\u00fc\u00dfsauer<\/td><td>A, L<\/td><td>8,00<\/td><td><\/td><\/tr><tr><td>41a<\/td><td>Paniertes Fischfilet mit Gem\u00fcse &amp; Curryso\u00dfe<\/td><td>A, F, G<\/td><td>8,00<\/td><td>\ud83c\udf36<\/td><\/tr><tr><td>42<\/td><td>Paniertes Fischfilet Chop-Suey<\/td><td>A, F, D, N<\/td><td>8,50<\/td><td><\/td><\/tr><tr><td>43<\/td><td>Spezialit\u00e4t des Hauses: MEKONG DELTA (Fischfilet, Tintenfisch, Garnelen &amp; Gem\u00fcse)<\/td><td>A, F, D, N<\/td><td>11,00<\/td><td><\/td><\/tr><tr><td>55<\/td><td>Tintenfisch gebraten mit Gem\u00fcse<\/td><td>F, D, N<\/td><td>10,00<\/td><td>\ud83c\udf36\ud83c\udf36<\/td><\/tr><tr><td>59<\/td><td>Gebratene Garnelen mit verschiedenem Gem\u00fcse &amp; Curry-Kokosso\u00dfe<\/td><td>B, G<\/td><td>11,50<\/td><td>\ud83c\udf36<\/td><\/tr><tr><td>59a<\/td><td>Gebratene Garnelen mit Gem\u00fcse &amp; Ananas s\u00fc\u00dfsauer<\/td><td>B, L<\/td><td>11,50<\/td><td><\/td><\/tr><\/tbody><\/table><\/figure>\n\n\n\n<div style=\"height:100px\" aria-hidden=\"true\" class=\"wp-block-spacer\"><\/div>\n\n\n\n<figure class=\"wp-block-table\"><table class=\"has-fixed-layout\"><thead><tr><th>Buchstabe<\/th><th>Allergen<\/th><\/tr><\/thead><tbody><tr><td>A<\/td><td>Glutenhaltig<\/td><\/tr><tr><td>B<\/td><td>Krebstiere<\/td><\/tr><tr><td>C<\/td><td>Eier und Eiererzeugnisse<\/td><\/tr><tr><td>D<\/td><td>Fisch und Fischerzeugnisse<\/td><\/tr><tr><td>E<\/td><td>Erdn\u00fcsse und Erdnusserzeugnisse<\/td><\/tr><tr><td>F<\/td><td>Soja und Sojaerzeugnisse<\/td><\/tr><tr><td>G<\/td><td>Milch und Milcherzeugnisse<\/td><\/tr><tr><td>H<\/td><td>Schalenfr\u00fcchte (N\u00fcsse)<\/td><\/tr><tr><td>I<\/td><td>Sellerie und Sellerieerzeugnisse<\/td><\/tr><tr><td>J<\/td><td>Senf und Senferzeugnisse<\/td><\/tr><tr><td>K<\/td><td>Sesamsamen<\/td><\/tr><tr><td>L<\/td><td>Sulfide<\/td><\/tr><tr><td>N<\/td><td>Weichtiererzeugnisse<\/td><\/tr><\/tbody><\/table><\/figure>\n","protected":false},"excerpt":{"rendered":"<p>Garnelen- &amp; Fisch-Gerichte (mit Reis) Alle Hauptgerichte werden mit gekochtem [&hellip;]<\/p>\n","protected":false},"author":1,"featured_media":0,"parent":0,"menu_order":0,"comment_status":"closed","ping_status":"closed","template":"","meta":{"footnotes":""},"class_list":["post-191","page","type-page","status-publish","hentry"],"_links":{"self":[{"href":"https:\/\/imbiss-mekong.de\/index.php?rest_route=\/wp\/v2\/pages\/191","targetHints":{"allow":["GET"]}}],"collection":[{"href":"https:\/\/imbiss-mekong.de\/index.php?rest_route=\/wp\/v2\/pages"}],"about":[{"href":"https:\/\/imbiss-mekong.de\/index.php?rest_route=\/wp\/v2\/types\/page"}],"author":[{"embeddable":true,"href":"https:\/\/imbiss-mekong.de\/index.php?rest_route=\/wp\/v2\/users\/1"}],"replies":[{"embeddable":true,"href":"https:\/\/imbiss-mekong.de\/index.php?rest_route=%2Fwp%2Fv2%2Fcomments&post=191"}],"version-history":[{"count":2,"href":"https:\/\/imbiss-mekong.de\/index.php?rest_route=\/wp\/v2\/pages\/191\/revisions"}],"predecessor-version":[{"id":203,"href":"https:\/\/imbiss-mekong.de\/index.php?rest_route=\/wp\/v2\/pages\/191\/revisions\/203"}],"wp:attachment":[{"href":"https:\/\/imbiss-mekong.de\/index.php?rest_route=%2Fwp%2Fv2%2Fmedia&parent=191"}],"curies":[{"name":"wp","href":"https:\/\/api.w.org\/{rel}","templated":true}]}}