{"id":179,"date":"2024-12-07T13:43:01","date_gmt":"2024-12-07T12:43:01","guid":{"rendered":"https:\/\/imbiss-mekong.de\/?page_id=179"},"modified":"2024-12-07T13:43:01","modified_gmt":"2024-12-07T12:43:01","slug":"huehnerfleisch-gerichte","status":"publish","type":"page","link":"https:\/\/imbiss-mekong.de\/?page_id=179","title":{"rendered":"H\u00fchnerfleisch-Gerichte"},"content":{"rendered":"\n<h2 class=\"wp-block-heading\"><br><mark style=\"background-color:rgba(0, 0, 0, 0)\" class=\"has-inline-color has-vivid-red-color\">H\u00fchnerfleisch-Gerichte (mit Reis) <\/mark><\/h2>\n\n\n\n<p><br><mark style=\"background-color:rgba(0, 0, 0, 0)\" class=\"has-inline-color has-vivid-red-color\">Alle Hauptgerichte werden mit <strong>gekochtem Reis <\/strong>serviert. M\u00f6chten Sie gebratenen Reis oder Nudeln, berechnen wir <strong>1,50 \u20ac Aufpreis<\/strong><\/mark><\/p>\n\n\n\n<figure class=\"wp-block-table\"><table class=\"has-fixed-layout\"><thead><tr><th>Nr.<\/th><th>Gericht<\/th><th>Zutaten \/ Allergene<\/th><th>Preis (\u20ac)<\/th><\/tr><\/thead><tbody><tr><td>25<\/td><td>H\u00fchnerfleisch Chop-Suey<\/td><td>D, F, N<\/td><td>8,50<\/td><\/tr><tr><td>25a<\/td><td>Panierte H\u00fchnerbrust Chop-Suey<\/td><td>A, D, F, N<\/td><td>8,50<\/td><\/tr><tr><td>26<\/td><td>H\u00fchnerfleisch mit Gem\u00fcse in Curryso\u00dfe<\/td><td>D<\/td><td>8,50<\/td><\/tr><tr><td>28<\/td><td>Panierte H\u00fchnerbrust mit Ananas &amp; Gem\u00fcse s\u00fc\u00dfsauer<\/td><td>A, L<\/td><td>8,00<\/td><\/tr><tr><td>28a<\/td><td>H\u00fchnerfleisch mit Ananas &amp; Gem\u00fcse s\u00fc\u00dfsauer<\/td><td>L<\/td><td>8,50<\/td><\/tr><tr><td>29<\/td><td>Panierte H\u00fchnerbrust, Gem\u00fcse &amp; Erdnussso\u00dfe<\/td><td>A, E, F<\/td><td>8,00<\/td><\/tr><tr><td>29a<\/td><td>Panierte H\u00fchnerbrust mit Gem\u00fcse &amp; Curryso\u00dfe<\/td><td>A, F, G<\/td><td>8,00<\/td><\/tr><tr><td>50<\/td><td>H\u00fchnerfleisch, Bambus, Champignons &amp; chinesische Pilze<\/td><td>D, F, N<\/td><td>8,50<\/td><\/tr><tr><td>50a<\/td><td>H\u00fchnerfleisch mit Brokkoli &amp; Gem\u00fcse<\/td><td>D, F, N<\/td><td>8,50<\/td><\/tr><tr><td>51<\/td><td>H\u00fchnerfleisch mit Gem\u00fcse in Knoblauchso\u00dfe<\/td><td>D, F, N<\/td><td>8,50<\/td><\/tr><tr><td>52<\/td><td>H\u00fchnerfleisch, Morcheln, Gem\u00fcse &amp; Cashewn\u00fcsse<\/td><td>D, F, N, H<\/td><td>9,00<\/td><\/tr><tr><td>44<\/td><td>3 knusprige H\u00fchnerspie\u00dfe, Sojasprossen &amp; So\u00dfe<\/td><td>A, E, F<\/td><td>8,00<\/td><\/tr><tr><td>44a<\/td><td>Chicken Wings mit Sauergem\u00fcse, Gurken &amp; Spezialso\u00dfe (8 Stk.)<\/td><td>D, N<\/td><td>9,50<\/td><\/tr><\/tbody><\/table><\/figure>\n\n\n\n<div style=\"height:100px\" aria-hidden=\"true\" class=\"wp-block-spacer\"><\/div>\n\n\n\n<figure class=\"wp-block-table\"><table class=\"has-fixed-layout\"><thead><tr><th>Buchstabe<\/th><th>Allergen<\/th><\/tr><\/thead><tbody><tr><td>A<\/td><td>Glutenhaltig<\/td><\/tr><tr><td>B<\/td><td>Krebstiere<\/td><\/tr><tr><td>C<\/td><td>Eier und Eiererzeugnisse<\/td><\/tr><tr><td>D<\/td><td>Fisch und Fischerzeugnisse<\/td><\/tr><tr><td>E<\/td><td>Erdn\u00fcsse und Erdnusserzeugnisse<\/td><\/tr><tr><td>F<\/td><td>Soja und Sojaerzeugnisse<\/td><\/tr><tr><td>G<\/td><td>Milch und Milcherzeugnisse<\/td><\/tr><tr><td>H<\/td><td>Schalenfr\u00fcchte (N\u00fcsse)<\/td><\/tr><tr><td>I<\/td><td>Sellerie und Sellerieerzeugnisse<\/td><\/tr><tr><td>J<\/td><td>Senf und Senferzeugnisse<\/td><\/tr><tr><td>K<\/td><td>Sesamsamen<\/td><\/tr><tr><td>L<\/td><td>Sulfide<\/td><\/tr><tr><td>N<\/td><td>Weichtiererzeugnisse<\/td><\/tr><\/tbody><\/table><\/figure>\n","protected":false},"excerpt":{"rendered":"<p>H\u00fchnerfleisch-Gerichte (mit Reis) Alle Hauptgerichte werden mit gekochtem Reis serviert. [&hellip;]<\/p>\n","protected":false},"author":1,"featured_media":0,"parent":0,"menu_order":0,"comment_status":"closed","ping_status":"closed","template":"","meta":{"footnotes":""},"class_list":["post-179","page","type-page","status-publish","hentry"],"_links":{"self":[{"href":"https:\/\/imbiss-mekong.de\/index.php?rest_route=\/wp\/v2\/pages\/179","targetHints":{"allow":["GET"]}}],"collection":[{"href":"https:\/\/imbiss-mekong.de\/index.php?rest_route=\/wp\/v2\/pages"}],"about":[{"href":"https:\/\/imbiss-mekong.de\/index.php?rest_route=\/wp\/v2\/types\/page"}],"author":[{"embeddable":true,"href":"https:\/\/imbiss-mekong.de\/index.php?rest_route=\/wp\/v2\/users\/1"}],"replies":[{"embeddable":true,"href":"https:\/\/imbiss-mekong.de\/index.php?rest_route=%2Fwp%2Fv2%2Fcomments&post=179"}],"version-history":[{"count":4,"href":"https:\/\/imbiss-mekong.de\/index.php?rest_route=\/wp\/v2\/pages\/179\/revisions"}],"predecessor-version":[{"id":206,"href":"https:\/\/imbiss-mekong.de\/index.php?rest_route=\/wp\/v2\/pages\/179\/revisions\/206"}],"wp:attachment":[{"href":"https:\/\/imbiss-mekong.de\/index.php?rest_route=%2Fwp%2Fv2%2Fmedia&parent=179"}],"curies":[{"name":"wp","href":"https:\/\/api.w.org\/{rel}","templated":true}]}}